{"id":777,"date":"2016-02-10T14:05:14","date_gmt":"2016-02-10T14:05:14","guid":{"rendered":"http:\/\/bacallanerianatalia.com\/es\/?page_id=777"},"modified":"2016-05-26T14:17:24","modified_gmt":"2016-05-26T14:17:24","slug":"la-parada","status":"publish","type":"page","link":"https:\/\/bacallanerianatalia.com\/es\/la-parada\/","title":{"rendered":"La parada"},"content":{"rendered":"<\/div><\/div><\/div><!-- close content main div --><\/div><\/div><div id='av_section_1' class='avia-section main_color avia-section-default avia-no-shadow avia-full-stretch av-section-color-overlay-active avia-bg-style-fixed  section-bg av-minimum-height av-minimum-height-custom container_wrap fullsize' style = 'background-repeat: no-repeat; background-image: url(https:\/\/bacallanerianatalia.com\/wp-content\/uploads\/2016\/02\/laparada-foto.jpg); background-attachment: fixed; background-position: center center; ' data-section-bg-repeat='stretch' ><div class='av-section-color-overlay-wrap'><div class='av-section-color-overlay' style='opacity: 0.3; background-color: #00609b; '><\/div><div class='container' style='height:450px'><div class='template-page content  av-content-full alpha units'><div class='post-entry post-entry-type-page post-entry-777'><div class='entry-content-wrapper clearfix'>\n<div style='padding-bottom:10px;color:#ffffff;font-size:32px;' class='av-special-heading av-special-heading-h1 custom-color-heading blockquote modern-quote  page-title av-inherit-size'><h1 class='av-special-heading-tag'  itemprop=\"headline\"  >La parada<\/h1><div class ='av-subheading av-subheading_below av_custom_color' style='font-size:15px;'><p>Por que nuestro producto no es lo que vendemos<br \/>\nsino como lo vendemos.<\/p>\n<\/div><div class='special-heading-border'><div class='special-heading-inner-border' style='border-color:#ffffff'><\/div><\/div><\/div>\n\n<\/div><\/div><\/div><!-- close content main div --><\/div><\/div><\/div><div id='av_section_2' class='avia-section main_color avia-section-huge avia-no-border-styling avia-bg-style-scroll  container_wrap fullsize'   ><div class='container' ><div class='template-page content  av-content-full alpha units'><div class='post-entry post-entry-type-page post-entry-777'><div class='entry-content-wrapper clearfix'>\n<div class=\"flex_column av_one_half  flex_column_div av-zero-column-padding first  \" style='border-radius:0px; '><section class=\"av_textblock_section\"  itemscope=\"itemscope\" itemtype=\"https:\/\/schema.org\/CreativeWork\" ><div class='avia_textblock '   itemprop=\"text\" ><p><strong>En el pueblo marinero del\u00a0Masnou, en la comarca del Maresme, se sit\u00faa nuestra empresa familiar dedicada al Bacala<\/strong>o. Una larga tradici\u00f3n que seguimos manteniendo con dedicaci\u00f3n, esfuerzo y constancia, y por la que sentimos aut\u00e9ntica pasi\u00f3n.<\/p>\n<p><strong>En la\u00a0Bacallaneria\u00a0Natalia trabajamos de forma tradicional el bacalao<\/strong>, garantizando la m\u00e1xima calidad y creando productos exclusivos de elaboraci\u00f3n propia: bu\u00f1uelos,\u00a0brandada, brochetas y hamburguesas de bacalao de la m\u00e1s alta calidad.<\/p>\n<p>En nuestra parada del <strong>Mercado Municipal del\u00a0Masnou<\/strong>\u00a0cuidamos el m\u00e1s m\u00ednimo detalle de todo el que hacemos, manteniendo nuestro compromiso con la pesca sostenible y ofrecemos una atenci\u00f3n personalizada a todos y cada uno de nuestros clientes. <strong>Porque nuestro producto no es el que vendemos, sino como lo vendemos<\/strong>.<\/p>\n<\/div><\/section><\/div><div class=\"flex_column av_one_fourth  flex_column_div av-zero-column-padding   \" style='border-radius:0px; '><section class=\"av_textblock_section\"  itemscope=\"itemscope\" itemtype=\"https:\/\/schema.org\/CreativeWork\" ><div class='avia_textblock '   itemprop=\"text\" ><hr class=\"separator-blue\" \/>\n<p class=\"destacado-text\">Manteniendo nuestro<br \/>\ncompromiso con la<br \/>\npesca sostenible, y<br \/>\nofrecemos una atenci\u00f3n<br \/>\npersonalizada a todos<br \/>\ny cada uno de nuestros clientes.<\/p>\n<\/div><\/section><\/div><div class=\"flex_column av_one_fourth  flex_column_div av-zero-column-padding   \" style='border-radius:0px; '><div class='avia-image-container  av-styling-   img-mercat avia-align-center '  itemscope=\"itemscope\" itemtype=\"https:\/\/schema.org\/ImageObject\"  ><div class='avia-image-container-inner'><img class='avia_image ' src='https:\/\/bacallanerianatalia.com\/wp-content\/uploads\/2016\/05\/mercat-municipal-del-masnou.png' alt='' title='mercat-municipal-del-masnou'   itemprop=\"contentURL\"  \/><\/div><\/div><\/div>\n\n<\/div><\/div><\/div><!-- close content main div --><\/div><\/div><div id='av-layout-grid-1' class='av-layout-grid-container entry-content-wrapper main_color av-flex-cells  container_wrap fullsize'   >\n<div class=\"flex_cell no_margin av_one_half    \" style='vertical-align:top; padding:90px; background-color:#00609b; '><div class='flex_cell_inner' ><p><div class=\"flex_column av_one_fifth  flex_column_div av-zero-column-padding first  \" style='border-radius:0px; '><section class=\"avia_codeblock_section avia_code_block_0\"  itemscope=\"itemscope\" itemtype=\"https:\/\/schema.org\/CreativeWork\" ><div class='avia_codeblock '  itemprop=\"text\" > [avia_codeblock_placeholder uid=\"0\"] <\/div><\/section><\/div><div class=\"flex_column av_four_fifth  flex_column_div av-zero-column-padding   \" style='border-radius:0px; '><p><div style='padding-bottom:40px;color:#ffffff;' class='av-special-heading av-special-heading-h3 custom-color-heading blockquote modern-quote  '><h3 class='av-special-heading-tag'  itemprop=\"headline\"  ><span class=\"blue-text\">Mercat Municipal del Masnou<\/span><br \/>\nParada 41-42<\/h3><div class='special-heading-border'><div class='special-heading-inner-border' style='border-color:#ffffff'><\/div><\/div><\/div><br \/>\n<div style='padding-bottom:40px;color:#ffffff;' class='av-special-heading av-special-heading-h3 custom-color-heading blockquote modern-quote  '><h3 class='av-special-heading-tag'  itemprop=\"headline\"  ><span class=\"blue-text\">Carrer It\u00e0lia, 50<\/span><br \/>\n08320 Masnou (Barcelona)<\/h3><div class='special-heading-border'><div class='special-heading-inner-border' style='border-color:#ffffff'><\/div><\/div><\/div><br \/>\n<div style='padding-bottom:40px;color:#ffffff;' class='av-special-heading av-special-heading-h3 custom-color-heading blockquote modern-quote  '><h3 class='av-special-heading-tag'  itemprop=\"headline\"  ><span class=\"blue-text\">93 540 83 90<\/span><br \/>\nnatalia@bacallanerianatalia.com<\/h3><div class='special-heading-border'><div class='special-heading-inner-border' style='border-color:#ffffff'><\/div><\/div><\/div><\/p><\/div><\/p>\n<\/div><\/div><div class=\"flex_cell no_margin av_one_half    \" style='vertical-align:top; padding:90px; background-color:#337faf; '><div class='flex_cell_inner' ><p><div class=\"flex_column av_one_fifth  flex_column_div av-zero-column-padding first  \" style='border-radius:0px; '><section class=\"avia_codeblock_section avia_code_block_1\"  itemscope=\"itemscope\" itemtype=\"https:\/\/schema.org\/CreativeWork\" ><div class='avia_codeblock '  itemprop=\"text\" > [avia_codeblock_placeholder uid=\"1\"] <\/div><\/section><\/div><div class=\"flex_column av_four_fifth  flex_column_div av-zero-column-padding   \" style='border-radius:0px; '><p><div style='padding-bottom:40px;color:#ffffff;' class='av-special-heading av-special-heading-h3 custom-color-heading blockquote modern-quote  '><h3 class='av-special-heading-tag'  itemprop=\"headline\"  ><span class=\"blue-text\">Martes y Viernes<\/span><br \/>\nde 7.30h a 20h<\/h3><div class='special-heading-border'><div class='special-heading-inner-border' style='border-color:#ffffff'><\/div><\/div><\/div><br \/>\n<div style='padding-bottom:40px;color:#ffffff;' class='av-special-heading av-special-heading-h3 custom-color-heading blockquote modern-quote  '><h3 class='av-special-heading-tag'  itemprop=\"headline\"  ><span class=\"blue-text\">Mi\u00e9rcoles, Jueves y S\u00e1bado<\/span><br \/>\nde 7.30h a 14h<\/h3><div class='special-heading-border'><div class='special-heading-inner-border' style='border-color:#ffffff'><\/div><\/div><\/div><br \/>\n<div style='padding-bottom:40px;color:#ffffff;' class='av-special-heading av-special-heading-h3 custom-color-heading blockquote modern-quote  '><h3 class='av-special-heading-tag'  itemprop=\"headline\"  ><span class=\"blue-text\">Domingo y Lunes<\/span><br \/>\nCerrado<\/h3><div class='special-heading-border'><div class='special-heading-inner-border' style='border-color:#ffffff'><\/div><\/div><\/div><\/p><\/div><\/p>\n<\/div><\/div><\/div><\/div><\/div><\/div><!-- close content main div --><\/div><\/div><div id='av_section_3' class='avia-section main_color avia-section-default avia-no-shadow avia-full-stretch av-parallax-section avia-bg-style-parallax   av-minimum-height av-minimum-height-custom container_wrap fullsize'  data-section-bg-repeat='stretch' ><div class='av-parallax' data-avia-parallax-ratio='0.3' ><div class='av-parallax-inner main_color  avia-full-stretch' style = 'background-repeat: no-repeat; background-image: url(https:\/\/bacallanerianatalia.com\/wp-content\/uploads\/2016\/02\/divisor-la-parada.jpg); background-attachment: scroll; background-position: center center; ' ><\/div><\/div><div class='container' style='height:325px'><div class='template-page content  av-content-full alpha units'><div class='post-entry post-entry-type-page post-entry-777'><div class='entry-content-wrapper clearfix'><\/p>\n","protected":false},"excerpt":{"rendered":"","protected":false},"author":1,"featured_media":0,"parent":0,"menu_order":0,"comment_status":"closed","ping_status":"closed","template":"","meta":[],"_links":{"self":[{"href":"https:\/\/bacallanerianatalia.com\/es\/wp-json\/wp\/v2\/pages\/777"}],"collection":[{"href":"https:\/\/bacallanerianatalia.com\/es\/wp-json\/wp\/v2\/pages"}],"about":[{"href":"https:\/\/bacallanerianatalia.com\/es\/wp-json\/wp\/v2\/types\/page"}],"author":[{"embeddable":true,"href":"https:\/\/bacallanerianatalia.com\/es\/wp-json\/wp\/v2\/users\/1"}],"replies":[{"embeddable":true,"href":"https:\/\/bacallanerianatalia.com\/es\/wp-json\/wp\/v2\/comments?post=777"}],"version-history":[{"count":9,"href":"https:\/\/bacallanerianatalia.com\/es\/wp-json\/wp\/v2\/pages\/777\/revisions"}],"predecessor-version":[{"id":987,"href":"https:\/\/bacallanerianatalia.com\/es\/wp-json\/wp\/v2\/pages\/777\/revisions\/987"}],"wp:attachment":[{"href":"https:\/\/bacallanerianatalia.com\/es\/wp-json\/wp\/v2\/media?parent=777"}],"curies":[{"name":"wp","href":"https:\/\/api.w.org\/{rel}","templated":true}]}}